{"id":297,"date":"2025-09-08T18:34:14","date_gmt":"2025-09-08T18:34:14","guid":{"rendered":"https:\/\/lymity.com.br\/?page_id=297"},"modified":"2025-09-08T19:07:13","modified_gmt":"2025-09-08T19:07:13","slug":"porfolio","status":"publish","type":"page","link":"https:\/\/lymity.com.br\/en\/porfolio\/","title":{"rendered":"Porfolio"},"content":{"rendered":"<div data-elementor-type=\"wp-page\" data-elementor-id=\"297\" class=\"elementor elementor-297\">\n\t\t\t\t\t\t<header class=\"elementor-section elementor-top-section elementor-element elementor-element-625c3f03 elementor-section-boxed elementor-section-height-default elementor-section-height-default\" data-id=\"625c3f03\" data-element_type=\"section\">\n\t\t\t\t\t\t<div class=\"elementor-container elementor-column-gap-wider\">\n\t\t\t\t\t<div class=\"elementor-column elementor-col-100 elementor-top-column elementor-element elementor-element-5dfa15a6\" data-id=\"5dfa15a6\" data-element_type=\"column\">\n\t\t\t<div class=\"elementor-widget-wrap elementor-element-populated\">\n\t\t\t\t\t\t<div class=\"elementor-element elementor-element-44e0c4f1 elementor-widget elementor-widget-text-editor\" data-id=\"44e0c4f1\" data-element_type=\"widget\" data-widget_type=\"text-editor.default\">\n\t\t\t\t<div class=\"elementor-widget-container\">\n\t\t\t\t\t\t\t\t\t<p>Our Portfolio<\/p>\t\t\t\t\t\t\t\t<\/div>\n\t\t\t\t<\/div>\n\t\t\t\t<div class=\"elementor-element elementor-element-44d2845c title-divider elementor-widget-divider--view-line elementor-widget elementor-widget-divider\" data-id=\"44d2845c\" data-element_type=\"widget\" data-widget_type=\"divider.default\">\n\t\t\t\t<div class=\"elementor-widget-container\">\n\t\t\t\t\t\t\t<div class=\"elementor-divider\">\n\t\t\t<span class=\"elementor-divider-separator\">\n\t\t\t\t\t\t<\/span>\n\t\t<\/div>\n\t\t\t\t\t\t<\/div>\n\t\t\t\t<\/div>\n\t\t\t\t<div class=\"elementor-element elementor-element-27ddf82d elementor-invisible elementor-widget elementor-widget-heading\" data-id=\"27ddf82d\" data-element_type=\"widget\" data-settings=\"{&quot;_animation&quot;:&quot;fadeIn&quot;}\" data-widget_type=\"heading.default\">\n\t\t\t\t<div class=\"elementor-widget-container\">\n\t\t\t\t\t<h1 class=\"elementor-heading-title elementor-size-default\">Some <br>projects<\/h1>\t\t\t\t<\/div>\n\t\t\t\t<\/div>\n\t\t\t\t<div class=\"elementor-element elementor-element-21423ba4 elementor-invisible elementor-widget elementor-widget-text-editor\" data-id=\"21423ba4\" data-element_type=\"widget\" data-settings=\"{&quot;_animation&quot;:&quot;fadeIn&quot;}\" data-widget_type=\"text-editor.default\">\n\t\t\t\t<div class=\"elementor-widget-container\">\n\t\t\t\t\t\t\t\t\t<p>Clients who trust us<\/p>\t\t\t\t\t\t\t\t<\/div>\n\t\t\t\t<\/div>\n\t\t\t\t\t<\/div>\n\t\t<\/div>\n\t\t\t\t\t<\/div>\n\t\t<\/header>\n\t\t<div class=\"elementor-element elementor-element-152d2fa e-flex e-con-boxed e-con e-parent\" data-id=\"152d2fa\" data-element_type=\"container\">\n\t\t\t\t\t<div class=\"e-con-inner\">\n\t\t\t\t<div class=\"elementor-element elementor-element-cb7d303 elementor-widget elementor-widget-image\" data-id=\"cb7d303\" data-element_type=\"widget\" data-widget_type=\"image.default\">\n\t\t\t\t<div class=\"elementor-widget-container\">\n\t\t\t\t\t\t\t\t\t\t\t\t\t\t\t\t<a href=\"https:\/\/briluxclean.com\/\">\n\t\t\t\t\t\t\t<img fetchpriority=\"high\" decoding=\"async\" width=\"1024\" height=\"631\" src=\"https:\/\/lymity.com.br\/wp-content\/uploads\/2025\/09\/Captura-de-Tela-2025-09-08-as-15.55.01-1024x631.png\" class=\"attachment-large size-large wp-image-308\" alt=\"\" srcset=\"https:\/\/lymity.com.br\/wp-content\/uploads\/2025\/09\/Captura-de-Tela-2025-09-08-as-15.55.01-1024x631.png 1024w, https:\/\/lymity.com.br\/wp-content\/uploads\/2025\/09\/Captura-de-Tela-2025-09-08-as-15.55.01-300x185.png 300w, https:\/\/lymity.com.br\/wp-content\/uploads\/2025\/09\/Captura-de-Tela-2025-09-08-as-15.55.01-768x473.png 768w, https:\/\/lymity.com.br\/wp-content\/uploads\/2025\/09\/Captura-de-Tela-2025-09-08-as-15.55.01-18x12.png 18w, https:\/\/lymity.com.br\/wp-content\/uploads\/2025\/09\/Captura-de-Tela-2025-09-08-as-15.55.01.png 1416w\" sizes=\"(max-width: 1024px) 100vw, 1024px\" \/>\t\t\t\t\t\t\t\t<\/a>\n\t\t\t\t\t\t\t\t\t\t\t\t\t\t\t<\/div>\n\t\t\t\t<\/div>\n\t\t\t\t<div class=\"elementor-element elementor-element-159352f elementor-widget elementor-widget-image\" data-id=\"159352f\" data-element_type=\"widget\" data-widget_type=\"image.default\">\n\t\t\t\t<div class=\"elementor-widget-container\">\n\t\t\t\t\t\t\t\t\t\t\t\t\t\t\t\t<a href=\"https:\/\/www.closetme.com.br\/\">\n\t\t\t\t\t\t\t<img decoding=\"async\" width=\"1024\" height=\"626\" src=\"https:\/\/lymity.com.br\/wp-content\/uploads\/2025\/09\/Captura-de-Tela-2025-09-08-as-15.55.27-1024x626.png\" class=\"attachment-large size-large wp-image-309\" alt=\"\" srcset=\"https:\/\/lymity.com.br\/wp-content\/uploads\/2025\/09\/Captura-de-Tela-2025-09-08-as-15.55.27-1024x626.png 1024w, https:\/\/lymity.com.br\/wp-content\/uploads\/2025\/09\/Captura-de-Tela-2025-09-08-as-15.55.27-300x183.png 300w, https:\/\/lymity.com.br\/wp-content\/uploads\/2025\/09\/Captura-de-Tela-2025-09-08-as-15.55.27-768x469.png 768w, https:\/\/lymity.com.br\/wp-content\/uploads\/2025\/09\/Captura-de-Tela-2025-09-08-as-15.55.27-18x12.png 18w, https:\/\/lymity.com.br\/wp-content\/uploads\/2025\/09\/Captura-de-Tela-2025-09-08-as-15.55.27.png 1425w\" sizes=\"(max-width: 1024px) 100vw, 1024px\" \/>\t\t\t\t\t\t\t\t<\/a>\n\t\t\t\t\t\t\t\t\t\t\t\t\t\t\t<\/div>\n\t\t\t\t<\/div>\n\t\t\t\t<div class=\"elementor-element elementor-element-728acf3 elementor-widget elementor-widget-image\" data-id=\"728acf3\" data-element_type=\"widget\" data-widget_type=\"image.default\">\n\t\t\t\t<div class=\"elementor-widget-container\">\n\t\t\t\t\t\t\t\t\t\t\t\t\t\t\t\t<a href=\"https:\/\/echodsgn.com\/\">\n\t\t\t\t\t\t\t<img decoding=\"async\" width=\"1024\" height=\"627\" src=\"https:\/\/lymity.com.br\/wp-content\/uploads\/2025\/09\/Captura-de-Tela-2025-09-08-as-16.00.40-1024x627.png\" class=\"attachment-large size-large wp-image-313\" alt=\"\" srcset=\"https:\/\/lymity.com.br\/wp-content\/uploads\/2025\/09\/Captura-de-Tela-2025-09-08-as-16.00.40-1024x627.png 1024w, https:\/\/lymity.com.br\/wp-content\/uploads\/2025\/09\/Captura-de-Tela-2025-09-08-as-16.00.40-300x184.png 300w, https:\/\/lymity.com.br\/wp-content\/uploads\/2025\/09\/Captura-de-Tela-2025-09-08-as-16.00.40-768x470.png 768w, https:\/\/lymity.com.br\/wp-content\/uploads\/2025\/09\/Captura-de-Tela-2025-09-08-as-16.00.40-18x12.png 18w, https:\/\/lymity.com.br\/wp-content\/uploads\/2025\/09\/Captura-de-Tela-2025-09-08-as-16.00.40.png 1418w\" sizes=\"(max-width: 1024px) 100vw, 1024px\" \/>\t\t\t\t\t\t\t\t<\/a>\n\t\t\t\t\t\t\t\t\t\t\t\t\t\t\t<\/div>\n\t\t\t\t<\/div>\n\t\t\t\t\t<\/div>\n\t\t\t\t<\/div>\n\t\t<div class=\"elementor-element elementor-element-c098a55 e-flex e-con-boxed e-con e-parent\" data-id=\"c098a55\" data-element_type=\"container\">\n\t\t\t\t\t<div class=\"e-con-inner\">\n\t\t\t\t<div class=\"elementor-element elementor-element-2e58499 elementor-widget elementor-widget-image\" data-id=\"2e58499\" data-element_type=\"widget\" data-widget_type=\"image.default\">\n\t\t\t\t<div class=\"elementor-widget-container\">\n\t\t\t\t\t\t\t\t\t\t\t\t\t\t\t\t<a href=\"https:\/\/rizzrestaurante.com.br\/\">\n\t\t\t\t\t\t\t<img loading=\"lazy\" decoding=\"async\" width=\"1024\" height=\"627\" src=\"https:\/\/lymity.com.br\/wp-content\/uploads\/2025\/09\/Captura-de-Tela-2025-09-08-as-16.02.45-1024x627.png\" class=\"attachment-large size-large wp-image-317\" alt=\"\" srcset=\"https:\/\/lymity.com.br\/wp-content\/uploads\/2025\/09\/Captura-de-Tela-2025-09-08-as-16.02.45-1024x627.png 1024w, https:\/\/lymity.com.br\/wp-content\/uploads\/2025\/09\/Captura-de-Tela-2025-09-08-as-16.02.45-300x184.png 300w, https:\/\/lymity.com.br\/wp-content\/uploads\/2025\/09\/Captura-de-Tela-2025-09-08-as-16.02.45-768x470.png 768w, https:\/\/lymity.com.br\/wp-content\/uploads\/2025\/09\/Captura-de-Tela-2025-09-08-as-16.02.45-18x12.png 18w, https:\/\/lymity.com.br\/wp-content\/uploads\/2025\/09\/Captura-de-Tela-2025-09-08-as-16.02.45.png 1422w\" sizes=\"(max-width: 1024px) 100vw, 1024px\" \/>\t\t\t\t\t\t\t\t<\/a>\n\t\t\t\t\t\t\t\t\t\t\t\t\t\t\t<\/div>\n\t\t\t\t<\/div>\n\t\t\t\t<div class=\"elementor-element elementor-element-aacca08 elementor-widget elementor-widget-image\" data-id=\"aacca08\" data-element_type=\"widget\" data-widget_type=\"image.default\">\n\t\t\t\t<div class=\"elementor-widget-container\">\n\t\t\t\t\t\t\t\t\t\t\t\t\t\t\t\t<a href=\"https:\/\/www.adrianamilani.com.br\/\">\n\t\t\t\t\t\t\t<img loading=\"lazy\" decoding=\"async\" width=\"1024\" height=\"626\" src=\"https:\/\/lymity.com.br\/wp-content\/uploads\/2025\/09\/Captura-de-Tela-2025-09-08-as-16.02.56-1024x626.png\" class=\"attachment-large size-large wp-image-318\" alt=\"\" srcset=\"https:\/\/lymity.com.br\/wp-content\/uploads\/2025\/09\/Captura-de-Tela-2025-09-08-as-16.02.56-1024x626.png 1024w, https:\/\/lymity.com.br\/wp-content\/uploads\/2025\/09\/Captura-de-Tela-2025-09-08-as-16.02.56-300x183.png 300w, https:\/\/lymity.com.br\/wp-content\/uploads\/2025\/09\/Captura-de-Tela-2025-09-08-as-16.02.56-768x469.png 768w, https:\/\/lymity.com.br\/wp-content\/uploads\/2025\/09\/Captura-de-Tela-2025-09-08-as-16.02.56-18x12.png 18w, https:\/\/lymity.com.br\/wp-content\/uploads\/2025\/09\/Captura-de-Tela-2025-09-08-as-16.02.56.png 1420w\" sizes=\"(max-width: 1024px) 100vw, 1024px\" \/>\t\t\t\t\t\t\t\t<\/a>\n\t\t\t\t\t\t\t\t\t\t\t\t\t\t\t<\/div>\n\t\t\t\t<\/div>\n\t\t\t\t\t<\/div>\n\t\t\t\t<\/div>\n\t\t\t\t<section class=\"elementor-section elementor-top-section elementor-element elementor-element-2d6d6db elementor-section-height-min-height elementor-section-boxed elementor-section-height-default elementor-section-items-middle\" data-id=\"2d6d6db\" data-element_type=\"section\" data-settings=\"{&quot;background_background&quot;:&quot;classic&quot;,&quot;shape_divider_top&quot;:&quot;waves&quot;}\">\n\t\t\t\t\t\t\t<div class=\"elementor-background-overlay\"><\/div>\n\t\t\t\t\t\t<div class=\"elementor-shape elementor-shape-top\" aria-hidden=\"true\" data-negative=\"false\">\n\t\t\t<svg xmlns=\"http:\/\/www.w3.org\/2000\/svg\" viewbox=\"0 0 1000 100\" preserveaspectratio=\"none\">\n\t<path class=\"elementor-shape-fill\" d=\"M421.9,6.5c22.6-2.5,51.5,0.4,75.5,5.3c23.6,4.9,70.9,23.5,100.5,35.7c75.8,32.2,133.7,44.5,192.6,49.7\tc23.6,2.1,48.7,3.5,103.4-2.5c54.7-6,106.2-25.6,106.2-25.6V0H0v30.3c0,0,72,32.6,158.4,30.5c39.2-0.7,92.8-6.7,134-22.4\tc21.2-8.1,52.2-18.2,79.7-24.2C399.3,7.9,411.6,7.5,421.9,6.5z\"\/>\n<\/svg>\t\t<\/div>\n\t\t\t\t\t<div class=\"elementor-container elementor-column-gap-default\">\n\t\t\t\t\t<div class=\"elementor-column elementor-col-100 elementor-top-column elementor-element elementor-element-c4bc034\" data-id=\"c4bc034\" data-element_type=\"column\">\n\t\t\t<div class=\"elementor-widget-wrap elementor-element-populated\">\n\t\t\t\t\t\t<div class=\"elementor-element elementor-element-a20ed49 elementor-widget-mobile__width-initial elementor-invisible elementor-widget elementor-widget-heading\" data-id=\"a20ed49\" data-element_type=\"widget\" data-settings=\"{&quot;_animation&quot;:&quot;fadeIn&quot;}\" data-widget_type=\"heading.default\">\n\t\t\t\t<div class=\"elementor-widget-container\">\n\t\t\t\t\t<h1 class=\"elementor-heading-title elementor-size-default\">Shall we get your idea off the ground?<\/h1>\t\t\t\t<\/div>\n\t\t\t\t<\/div>\n\t\t\t\t<div class=\"elementor-element elementor-element-0d2d10d elementor-widget-mobile__width-initial elementor-invisible elementor-widget elementor-widget-text-editor\" data-id=\"0d2d10d\" data-element_type=\"widget\" data-settings=\"{&quot;_animation&quot;:&quot;fadeIn&quot;}\" data-widget_type=\"text-editor.default\">\n\t\t\t\t<div class=\"elementor-widget-container\">\n\t\t\t\t\t\t\t\t\t<p data-start=\"1873\" data-end=\"2064\">Tell Lymity what you dream of building. We'll show you how to make it a reality with strategy, design, and digital marketing.<\/p>\t\t\t\t\t\t\t\t<\/div>\n\t\t\t\t<\/div>\n\t\t\t\t<div class=\"elementor-element elementor-element-6c717f8 elementor-mobile-align-center elementor-widget-mobile__width-initial elementor-invisible elementor-widget elementor-widget-button\" data-id=\"6c717f8\" data-element_type=\"widget\" data-settings=\"{&quot;_animation&quot;:&quot;fadeIn&quot;,&quot;_animation_delay&quot;:500}\" data-widget_type=\"button.default\">\n\t\t\t\t<div class=\"elementor-widget-container\">\n\t\t\t\t\t\t\t\t\t<div class=\"elementor-button-wrapper\">\n\t\t\t\t\t<a class=\"elementor-button elementor-button-link elementor-size-sm elementor-animation-shrink\" href=\"https:\/\/lymity.com.br\/en\/onboard\/\">\n\t\t\t\t\t\t<span class=\"elementor-button-content-wrapper\">\n\t\t\t\t\t\t\t\t\t<span class=\"elementor-button-text\">FILL OUT THE ONBORD NOW AND LET'S START YOUR PROJECT<\/span>\n\t\t\t\t\t<\/span>\n\t\t\t\t\t<\/a>\n\t\t\t\t<\/div>\n\t\t\t\t\t\t\t\t<\/div>\n\t\t\t\t<\/div>\n\t\t\t\t\t<\/div>\n\t\t<\/div>\n\t\t\t\t\t<\/div>\n\t\t<\/section>\n\t\t\t\t<\/div>","protected":false},"excerpt":{"rendered":"<p>Our Portfolio Some projects Clients who trust us Vamos tirar sua ideia do papel? Conte para a Lymity o que voc\u00ea sonha construir. N\u00f3s mostramos como transformar em realidade com estrat\u00e9gia, design e marketing digital. PREENCHA O ONBORD AGORA E VAMOS DAR INICIO AO SEU PROJETO<\/p>","protected":false},"author":1,"featured_media":0,"parent":0,"menu_order":0,"comment_status":"closed","ping_status":"closed","template":"elementor_header_footer","meta":{"ocean_post_layout":"","ocean_both_sidebars_style":"","ocean_both_sidebars_content_width":0,"ocean_both_sidebars_sidebars_width":0,"ocean_sidebar":"","ocean_second_sidebar":"","ocean_disable_margins":"enable","ocean_add_body_class":"","ocean_shortcode_before_top_bar":"","ocean_shortcode_after_top_bar":"","ocean_shortcode_before_header":"","ocean_shortcode_after_header":"","ocean_has_shortcode":"","ocean_shortcode_after_title":"","ocean_shortcode_before_footer_widgets":"","ocean_shortcode_after_footer_widgets":"","ocean_shortcode_before_footer_bottom":"","ocean_shortcode_after_footer_bottom":"","ocean_display_top_bar":"default","ocean_display_header":"default","ocean_header_style":"","ocean_center_header_left_menu":"","ocean_custom_header_template":"","ocean_custom_logo":0,"ocean_custom_retina_logo":0,"ocean_custom_logo_max_width":0,"ocean_custom_logo_tablet_max_width":0,"ocean_custom_logo_mobile_max_width":0,"ocean_custom_logo_max_height":0,"ocean_custom_logo_tablet_max_height":0,"ocean_custom_logo_mobile_max_height":0,"ocean_header_custom_menu":"","ocean_menu_typo_font_family":"","ocean_menu_typo_font_subset":"","ocean_menu_typo_font_size":0,"ocean_menu_typo_font_size_tablet":0,"ocean_menu_typo_font_size_mobile":0,"ocean_menu_typo_font_size_unit":"px","ocean_menu_typo_font_weight":"","ocean_menu_typo_font_weight_tablet":"","ocean_menu_typo_font_weight_mobile":"","ocean_menu_typo_transform":"","ocean_menu_typo_transform_tablet":"","ocean_menu_typo_transform_mobile":"","ocean_menu_typo_line_height":0,"ocean_menu_typo_line_height_tablet":0,"ocean_menu_typo_line_height_mobile":0,"ocean_menu_typo_line_height_unit":"","ocean_menu_typo_spacing":0,"ocean_menu_typo_spacing_tablet":0,"ocean_menu_typo_spacing_mobile":0,"ocean_menu_typo_spacing_unit":"","ocean_menu_link_color":"","ocean_menu_link_color_hover":"","ocean_menu_link_color_active":"","ocean_menu_link_background":"","ocean_menu_link_hover_background":"","ocean_menu_link_active_background":"","ocean_menu_social_links_bg":"","ocean_menu_social_hover_links_bg":"","ocean_menu_social_links_color":"","ocean_menu_social_hover_links_color":"","ocean_disable_title":"default","ocean_disable_heading":"default","ocean_post_title":"","ocean_post_subheading":"","ocean_post_title_style":"","ocean_post_title_background_color":"","ocean_post_title_background":0,"ocean_post_title_bg_image_position":"","ocean_post_title_bg_image_attachment":"","ocean_post_title_bg_image_repeat":"","ocean_post_title_bg_image_size":"","ocean_post_title_height":0,"ocean_post_title_bg_overlay":0.5,"ocean_post_title_bg_overlay_color":"","ocean_disable_breadcrumbs":"default","ocean_breadcrumbs_color":"","ocean_breadcrumbs_separator_color":"","ocean_breadcrumbs_links_color":"","ocean_breadcrumbs_links_hover_color":"","ocean_display_footer_widgets":"default","ocean_display_footer_bottom":"default","ocean_custom_footer_template":"","footnotes":""},"class_list":["post-297","page","type-page","status-publish","hentry","entry"],"yoast_head":"<!-- This site is optimized with the Yoast SEO plugin v25.8 - https:\/\/yoast.com\/wordpress\/plugins\/seo\/ -->\n<title>Porfolio - LYMITY<\/title>\n<meta name=\"robots\" content=\"index, follow, max-snippet:-1, max-image-preview:large, max-video-preview:-1\" \/>\n<link rel=\"canonical\" href=\"https:\/\/lymity.com.br\/en\/porfolio\/\" \/>\n<meta property=\"og:locale\" content=\"en_US\" \/>\n<meta property=\"og:type\" content=\"article\" \/>\n<meta property=\"og:title\" content=\"Porfolio - LYMITY\" \/>\n<meta property=\"og:description\" content=\"Our Portfolio Some projects Clients who trust us Vamos tirar sua ideia do papel? Conte para a Lymity o que voc\u00ea sonha construir. N\u00f3s mostramos como transformar em realidade com estrat\u00e9gia, design e marketing digital. PREENCHA O ONBORD AGORA E VAMOS DAR INICIO AO SEU PROJETO\" \/>\n<meta property=\"og:url\" content=\"https:\/\/lymity.com.br\/en\/porfolio\/\" \/>\n<meta property=\"og:site_name\" content=\"LYMITY\" \/>\n<meta property=\"article:modified_time\" content=\"2025-09-08T19:07:13+00:00\" \/>\n<meta property=\"og:image\" content=\"https:\/\/lymity.com.br\/wp-content\/uploads\/2025\/09\/Captura-de-Tela-2025-09-08-as-15.55.01.png\" \/>\n\t<meta property=\"og:image:width\" content=\"1416\" \/>\n\t<meta property=\"og:image:height\" content=\"873\" \/>\n\t<meta property=\"og:image:type\" content=\"image\/png\" \/>\n<meta name=\"twitter:card\" content=\"summary_large_image\" \/>\n<meta name=\"twitter:label1\" content=\"Est. reading time\" \/>\n\t<meta name=\"twitter:data1\" content=\"2 minutes\" \/>\n<script type=\"application\/ld+json\" class=\"yoast-schema-graph\">{\"@context\":\"https:\/\/schema.org\",\"@graph\":[{\"@type\":\"WebPage\",\"@id\":\"https:\/\/lymity.com.br\/porfolio\/\",\"url\":\"https:\/\/lymity.com.br\/porfolio\/\",\"name\":\"Porfolio - LYMITY\",\"isPartOf\":{\"@id\":\"https:\/\/lymity.com.br\/#website\"},\"primaryImageOfPage\":{\"@id\":\"https:\/\/lymity.com.br\/porfolio\/#primaryimage\"},\"image\":{\"@id\":\"https:\/\/lymity.com.br\/porfolio\/#primaryimage\"},\"thumbnailUrl\":\"https:\/\/lymity.com.br\/wp-content\/uploads\/2025\/09\/Captura-de-Tela-2025-09-08-as-15.55.01-1024x631.png\",\"datePublished\":\"2025-09-08T18:34:14+00:00\",\"dateModified\":\"2025-09-08T19:07:13+00:00\",\"breadcrumb\":{\"@id\":\"https:\/\/lymity.com.br\/porfolio\/#breadcrumb\"},\"inLanguage\":\"en-US\",\"potentialAction\":[{\"@type\":\"ReadAction\",\"target\":[\"https:\/\/lymity.com.br\/porfolio\/\"]}]},{\"@type\":\"ImageObject\",\"inLanguage\":\"en-US\",\"@id\":\"https:\/\/lymity.com.br\/porfolio\/#primaryimage\",\"url\":\"https:\/\/lymity.com.br\/wp-content\/uploads\/2025\/09\/Captura-de-Tela-2025-09-08-as-15.55.01-1024x631.png\",\"contentUrl\":\"https:\/\/lymity.com.br\/wp-content\/uploads\/2025\/09\/Captura-de-Tela-2025-09-08-as-15.55.01-1024x631.png\"},{\"@type\":\"BreadcrumbList\",\"@id\":\"https:\/\/lymity.com.br\/porfolio\/#breadcrumb\",\"itemListElement\":[{\"@type\":\"ListItem\",\"position\":1,\"name\":\"In\u00edcio\",\"item\":\"https:\/\/lymity.com.br\/\"},{\"@type\":\"ListItem\",\"position\":2,\"name\":\"Porfolio\"}]},{\"@type\":\"WebSite\",\"@id\":\"https:\/\/lymity.com.br\/#website\",\"url\":\"https:\/\/lymity.com.br\/\",\"name\":\"Lymity\",\"description\":\"\",\"publisher\":{\"@id\":\"https:\/\/lymity.com.br\/#organization\"},\"potentialAction\":[{\"@type\":\"SearchAction\",\"target\":{\"@type\":\"EntryPoint\",\"urlTemplate\":\"https:\/\/lymity.com.br\/?s={search_term_string}\"},\"query-input\":{\"@type\":\"PropertyValueSpecification\",\"valueRequired\":true,\"valueName\":\"search_term_string\"}}],\"inLanguage\":\"en-US\"},{\"@type\":\"Organization\",\"@id\":\"https:\/\/lymity.com.br\/#organization\",\"name\":\"Lymity\",\"url\":\"https:\/\/lymity.com.br\/\",\"logo\":{\"@type\":\"ImageObject\",\"inLanguage\":\"en-US\",\"@id\":\"https:\/\/lymity.com.br\/#\/schema\/logo\/image\/\",\"url\":\"https:\/\/lymity.com.br\/wp-content\/uploads\/2025\/06\/cropped-4-1.png\",\"contentUrl\":\"https:\/\/lymity.com.br\/wp-content\/uploads\/2025\/06\/cropped-4-1.png\",\"width\":326,\"height\":115,\"caption\":\"Lymity\"},\"image\":{\"@id\":\"https:\/\/lymity.com.br\/#\/schema\/logo\/image\/\"}}]}<\/script>\n<!-- \/ Yoast SEO plugin. -->","yoast_head_json":{"title":"Porfolio - LYMITY","robots":{"index":"index","follow":"follow","max-snippet":"max-snippet:-1","max-image-preview":"max-image-preview:large","max-video-preview":"max-video-preview:-1"},"canonical":"https:\/\/lymity.com.br\/en\/porfolio\/","og_locale":"en_US","og_type":"article","og_title":"Porfolio - LYMITY","og_description":"Our Portfolio Some projects Clients who trust us Vamos tirar sua ideia do papel? Conte para a Lymity o que voc\u00ea sonha construir. N\u00f3s mostramos como transformar em realidade com estrat\u00e9gia, design e marketing digital. PREENCHA O ONBORD AGORA E VAMOS DAR INICIO AO SEU PROJETO","og_url":"https:\/\/lymity.com.br\/en\/porfolio\/","og_site_name":"LYMITY","article_modified_time":"2025-09-08T19:07:13+00:00","og_image":[{"width":1416,"height":873,"url":"https:\/\/lymity.com.br\/wp-content\/uploads\/2025\/09\/Captura-de-Tela-2025-09-08-as-15.55.01.png","type":"image\/png"}],"twitter_card":"summary_large_image","twitter_misc":{"Est. reading time":"2 minutes"},"schema":{"@context":"https:\/\/schema.org","@graph":[{"@type":"WebPage","@id":"https:\/\/lymity.com.br\/porfolio\/","url":"https:\/\/lymity.com.br\/porfolio\/","name":"Porfolio - LYMITY","isPartOf":{"@id":"https:\/\/lymity.com.br\/#website"},"primaryImageOfPage":{"@id":"https:\/\/lymity.com.br\/porfolio\/#primaryimage"},"image":{"@id":"https:\/\/lymity.com.br\/porfolio\/#primaryimage"},"thumbnailUrl":"https:\/\/lymity.com.br\/wp-content\/uploads\/2025\/09\/Captura-de-Tela-2025-09-08-as-15.55.01-1024x631.png","datePublished":"2025-09-08T18:34:14+00:00","dateModified":"2025-09-08T19:07:13+00:00","breadcrumb":{"@id":"https:\/\/lymity.com.br\/porfolio\/#breadcrumb"},"inLanguage":"en-US","potentialAction":[{"@type":"ReadAction","target":["https:\/\/lymity.com.br\/porfolio\/"]}]},{"@type":"ImageObject","inLanguage":"en-US","@id":"https:\/\/lymity.com.br\/porfolio\/#primaryimage","url":"https:\/\/lymity.com.br\/wp-content\/uploads\/2025\/09\/Captura-de-Tela-2025-09-08-as-15.55.01-1024x631.png","contentUrl":"https:\/\/lymity.com.br\/wp-content\/uploads\/2025\/09\/Captura-de-Tela-2025-09-08-as-15.55.01-1024x631.png"},{"@type":"BreadcrumbList","@id":"https:\/\/lymity.com.br\/porfolio\/#breadcrumb","itemListElement":[{"@type":"ListItem","position":1,"name":"In\u00edcio","item":"https:\/\/lymity.com.br\/"},{"@type":"ListItem","position":2,"name":"Porfolio"}]},{"@type":"WebSite","@id":"https:\/\/lymity.com.br\/#website","url":"https:\/\/lymity.com.br\/","name":"Lymity","description":"","publisher":{"@id":"https:\/\/lymity.com.br\/#organization"},"potentialAction":[{"@type":"SearchAction","target":{"@type":"EntryPoint","urlTemplate":"https:\/\/lymity.com.br\/?s={search_term_string}"},"query-input":{"@type":"PropertyValueSpecification","valueRequired":true,"valueName":"search_term_string"}}],"inLanguage":"en-US"},{"@type":"Organization","@id":"https:\/\/lymity.com.br\/#organization","name":"Lymity","url":"https:\/\/lymity.com.br\/","logo":{"@type":"ImageObject","inLanguage":"en-US","@id":"https:\/\/lymity.com.br\/#\/schema\/logo\/image\/","url":"https:\/\/lymity.com.br\/wp-content\/uploads\/2025\/06\/cropped-4-1.png","contentUrl":"https:\/\/lymity.com.br\/wp-content\/uploads\/2025\/06\/cropped-4-1.png","width":326,"height":115,"caption":"Lymity"},"image":{"@id":"https:\/\/lymity.com.br\/#\/schema\/logo\/image\/"}}]}},"_links":{"self":[{"href":"https:\/\/lymity.com.br\/en\/wp-json\/wp\/v2\/pages\/297","targetHints":{"allow":["GET"]}}],"collection":[{"href":"https:\/\/lymity.com.br\/en\/wp-json\/wp\/v2\/pages"}],"about":[{"href":"https:\/\/lymity.com.br\/en\/wp-json\/wp\/v2\/types\/page"}],"author":[{"embeddable":true,"href":"https:\/\/lymity.com.br\/en\/wp-json\/wp\/v2\/users\/1"}],"replies":[{"embeddable":true,"href":"https:\/\/lymity.com.br\/en\/wp-json\/wp\/v2\/comments?post=297"}],"version-history":[{"count":16,"href":"https:\/\/lymity.com.br\/en\/wp-json\/wp\/v2\/pages\/297\/revisions"}],"predecessor-version":[{"id":327,"href":"https:\/\/lymity.com.br\/en\/wp-json\/wp\/v2\/pages\/297\/revisions\/327"}],"wp:attachment":[{"href":"https:\/\/lymity.com.br\/en\/wp-json\/wp\/v2\/media?parent=297"}],"curies":[{"name":"wp","href":"https:\/\/api.w.org\/{rel}","templated":true}]}}